{"id":18692,"date":"2022-04-07T12:25:41","date_gmt":"2022-04-07T10:25:41","guid":{"rendered":"http:\/\/floorcareplaner.de\/conception-web\/"},"modified":"2026-01-27T10:41:59","modified_gmt":"2026-01-27T09:41:59","slug":"conception-web","status":"publish","type":"page","link":"https:\/\/floorcareplaner.de\/fr\/conception-web\/","title":{"rendered":"Conception web"},"content":{"rendered":"\t\t<div data-elementor-type=\"wp-page\" data-elementor-id=\"18692\" class=\"elementor elementor-18692 elementor-13600\" data-elementor-settings=\"{&quot;element_pack_global_tooltip_width&quot;:{&quot;unit&quot;:&quot;px&quot;,&quot;size&quot;:&quot;&quot;,&quot;sizes&quot;:[]},&quot;element_pack_global_tooltip_width_tablet&quot;:{&quot;unit&quot;:&quot;px&quot;,&quot;size&quot;:&quot;&quot;,&quot;sizes&quot;:[]},&quot;element_pack_global_tooltip_width_mobile&quot;:{&quot;unit&quot;:&quot;px&quot;,&quot;size&quot;:&quot;&quot;,&quot;sizes&quot;:[]},&quot;element_pack_global_tooltip_padding&quot;:{&quot;unit&quot;:&quot;px&quot;,&quot;top&quot;:&quot;&quot;,&quot;right&quot;:&quot;&quot;,&quot;bottom&quot;:&quot;&quot;,&quot;left&quot;:&quot;&quot;,&quot;isLinked&quot;:true},&quot;element_pack_global_tooltip_padding_tablet&quot;:{&quot;unit&quot;:&quot;px&quot;,&quot;top&quot;:&quot;&quot;,&quot;right&quot;:&quot;&quot;,&quot;bottom&quot;:&quot;&quot;,&quot;left&quot;:&quot;&quot;,&quot;isLinked&quot;:true},&quot;element_pack_global_tooltip_padding_mobile&quot;:{&quot;unit&quot;:&quot;px&quot;,&quot;top&quot;:&quot;&quot;,&quot;right&quot;:&quot;&quot;,&quot;bottom&quot;:&quot;&quot;,&quot;left&quot;:&quot;&quot;,&quot;isLinked&quot;:true},&quot;element_pack_global_tooltip_border_radius&quot;:{&quot;unit&quot;:&quot;px&quot;,&quot;top&quot;:&quot;&quot;,&quot;right&quot;:&quot;&quot;,&quot;bottom&quot;:&quot;&quot;,&quot;left&quot;:&quot;&quot;,&quot;isLinked&quot;:true},&quot;element_pack_global_tooltip_border_radius_tablet&quot;:{&quot;unit&quot;:&quot;px&quot;,&quot;top&quot;:&quot;&quot;,&quot;right&quot;:&quot;&quot;,&quot;bottom&quot;:&quot;&quot;,&quot;left&quot;:&quot;&quot;,&quot;isLinked&quot;:true},&quot;element_pack_global_tooltip_border_radius_mobile&quot;:{&quot;unit&quot;:&quot;px&quot;,&quot;top&quot;:&quot;&quot;,&quot;right&quot;:&quot;&quot;,&quot;bottom&quot;:&quot;&quot;,&quot;left&quot;:&quot;&quot;,&quot;isLinked&quot;:true}}\" data-elementor-post-type=\"page\">\n\t\t\t\t\t\t<section class=\"elementor-section elementor-top-section elementor-element elementor-element-3a26f4a elementor-section-boxed elementor-section-height-default elementor-section-height-default\" data-id=\"3a26f4a\" data-element_type=\"section\">\n\t\t\t\t\t\t<div class=\"elementor-container elementor-column-gap-default\">\n\t\t\t\t\t<div class=\"elementor-column elementor-col-100 elementor-top-column elementor-element elementor-element-62924ea\" data-id=\"62924ea\" data-element_type=\"column\">\n\t\t\t<div class=\"elementor-widget-wrap elementor-element-populated\">\n\t\t\t\t\t\t<div class=\"elementor-element elementor-element-cf05292 elementor-widget elementor-widget-text-editor\" data-id=\"cf05292\" data-element_type=\"widget\" data-widget_type=\"text-editor.default\">\n\t\t\t\t<div class=\"elementor-widget-container\">\n\t\t\t\t\t\t\t\t\t<h3>Cr\u00e9ation et programmation de ce site web pour artisans<\/h3><p>Ce site web a \u00e9t\u00e9 cr\u00e9\u00e9 par Auf Kurs GmbH. <\/p><p>L\u2019agence de publicit\u00e9 Auf Kurs GmbH accompagne les entreprises artisanales de toutes tailles et s\u2019est sp\u00e9cialis\u00e9e dans la conception web \u00ab orient\u00e9e client \u00bb ainsi que dans le marketing.<\/p><p>Les th\u00e8mes centraux tels que l\u2019acquisition de clients et de <a href=\"https:\/\/www.auf-kurs.de\/mitarbeiter-finden-handwerk\/\" target=\"_blank\" rel=\"noopener\">collaborateurs<\/a>, la num\u00e9risation, le marketing via les m\u00e9dias sociaux ainsi que la conception de <a href=\"https:\/\/www.auf-kurs.de\/webdesign-handwerker\/\" target=\"_blank\" rel=\"noopener\">sites web pour artisans<\/a> sont notre passion et sont r\u00e9alis\u00e9s avec de nombreuses ann\u00e9es d\u2019exp\u00e9rience et une passion pour l\u2019artisanat.<\/p><p>www.auf-kurs.de<\/p>\t\t\t\t\t\t\t\t<\/div>\n\t\t\t\t<\/div>\n\t\t\t\t\t<\/div>\n\t\t<\/div>\n\t\t\t\t\t<\/div>\n\t\t<\/section>\n\t\t\t\t<\/div>\n\t\t","protected":false},"excerpt":{"rendered":"<p>Cr\u00e9ation et programmation de ce site web pour artisans Ce site web a \u00e9t\u00e9 cr\u00e9\u00e9 par Auf Kurs GmbH. L\u2019agence de publicit\u00e9 Auf Kurs GmbH accompagne les entreprises artisanales de toutes tailles et s\u2019est sp\u00e9cialis\u00e9e dans la conception web \u00ab orient\u00e9e client \u00bb ainsi que dans le marketing. Les th\u00e8mes centraux tels que l\u2019acquisition de [&hellip;]<\/p>\n","protected":false},"author":1,"featured_media":0,"parent":0,"menu_order":0,"comment_status":"closed","ping_status":"closed","template":"","meta":{"_acf_changed":false,"footnotes":""},"class_list":["post-18692","page","type-page","status-publish","hentry"],"acf":[],"_links":{"self":[{"href":"https:\/\/floorcareplaner.de\/fr\/wp-json\/wp\/v2\/pages\/18692","targetHints":{"allow":["GET"]}}],"collection":[{"href":"https:\/\/floorcareplaner.de\/fr\/wp-json\/wp\/v2\/pages"}],"about":[{"href":"https:\/\/floorcareplaner.de\/fr\/wp-json\/wp\/v2\/types\/page"}],"author":[{"embeddable":true,"href":"https:\/\/floorcareplaner.de\/fr\/wp-json\/wp\/v2\/users\/1"}],"replies":[{"embeddable":true,"href":"https:\/\/floorcareplaner.de\/fr\/wp-json\/wp\/v2\/comments?post=18692"}],"version-history":[{"count":1,"href":"https:\/\/floorcareplaner.de\/fr\/wp-json\/wp\/v2\/pages\/18692\/revisions"}],"predecessor-version":[{"id":18695,"href":"https:\/\/floorcareplaner.de\/fr\/wp-json\/wp\/v2\/pages\/18692\/revisions\/18695"}],"wp:attachment":[{"href":"https:\/\/floorcareplaner.de\/fr\/wp-json\/wp\/v2\/media?parent=18692"}],"curies":[{"name":"wp","href":"https:\/\/api.w.org\/{rel}","templated":true}]}}